{"id":890,"date":"2021-04-28T14:00:47","date_gmt":"2021-04-28T14:00:47","guid":{"rendered":"http:\/\/www.tmed.org.tr\/v1\/?page_id=890"},"modified":"2021-04-28T14:11:32","modified_gmt":"2021-04-28T14:11:32","slug":"beyannameler","status":"publish","type":"page","link":"http:\/\/www.tmed.org.tr\/v1\/?page_id=890","title":{"rendered":"Beyannameler"},"content":{"rendered":"<p><a title=\"2020 Beyannamesi\" href=\"http:\/\/www.tmed.org.tr\/v1\/wp-content\/uploads\/2020-Beyannamesi.pdf\" target=\"_blank\">2020 Beyannamesine ula\u015fmak i\u00e7in <span style=\"text-decoration: underline;\">t\u0131klay\u0131n\u0131z.<\/span><\/a><br \/>\n<a title=\"2019 Beyannamesi\" href=\"http:\/\/www.tmed.org.tr\/v1\/wp-content\/uploads\/2019-Beyannamesi.pdf\" target=\"_blank\">2019 Beyannamesine ula\u015fmak i\u00e7in <span style=\"text-decoration: underline;\">t\u0131klay\u0131n\u0131z.<\/span><\/a><br \/>\n<a title=\"2018 Beyannamesi\" href=\"http:\/\/www.tmed.org.tr\/v1\/wp-content\/uploads\/2018-Beyannamesi.pdf\" target=\"_blank\">2018 Beyannamesine ula\u015fmak i\u00e7in <span style=\"text-decoration: underline;\">t\u0131klay\u0131n\u0131z.<\/span><\/a><br \/>\n<a title=\"2017 Beyannamesi\" href=\"http:\/\/www.tmed.org.tr\/v1\/wp-content\/uploads\/2017-Beyannamesi.pdf\" target=\"_blank\">2017 Beyannamesine ula\u015fmak i\u00e7in <span style=\"text-decoration: underline;\">t\u0131klay\u0131n\u0131z.<\/span><\/a><br \/>\n<a title=\"2016 Beyannamesi\" href=\"http:\/\/www.tmed.org.tr\/v1\/wp-content\/uploads\/2016-Beyannamesi.pdf\" target=\"_blank\">2016 Beyannamesine ula\u015fmak i\u00e7in <span style=\"text-decoration: underline;\">t\u0131klay\u0131n\u0131z.<\/span><\/a><br \/>\n<a title=\"2015 Beyannamesi\" href=\"http:\/\/www.tmed.org.tr\/v1\/wp-content\/uploads\/2015-Beyannamesi.pdf\" target=\"_blank\">2015 Beyannamesine ula\u015fmak i\u00e7in <span style=\"text-decoration: underline;\">t\u0131klay\u0131n\u0131z.<\/span><\/a><br \/>\n<a title=\"2014 Beyannamesi\" href=\"http:\/\/www.tmed.org.tr\/v1\/wp-content\/uploads\/2014-Beyannamesi.pdf\" target=\"_blank\">2014 Beyannamesine ula\u015fmak i\u00e7in <span style=\"text-decoration: underline;\">t\u0131klay\u0131n\u0131z.<\/span><\/a><br \/>\n<a title=\"2013 Beyannamesi\" href=\"http:\/\/www.tmed.org.tr\/v1\/wp-content\/uploads\/2013-Beyannamesi.pdf\" target=\"_blank\">2013 Beyannamesine ula\u015fmak i\u00e7in <span style=\"text-decoration: underline;\">t\u0131klay\u0131n\u0131z.<\/span><\/a><br \/>\n<a title=\"2012 Beyannamesi\" href=\"http:\/\/www.tmed.org.tr\/v1\/wp-content\/uploads\/2012-Beyannamesi.pdf\" target=\"_blank\">2012 Beyannamesine ula\u015fmak i\u00e7in <span style=\"text-decoration: underline;\">t\u0131klay\u0131n\u0131z.<\/span><\/a><\/p>\n","protected":false},"excerpt":{"rendered":"<p>2020 Beyannamesine ula\u015fmak i\u00e7in t\u0131klay\u0131n\u0131z. 2019 Beyannamesine ula\u015fmak i\u00e7in t\u0131klay\u0131n\u0131z. 2018 Beyannamesine ula\u015fmak i\u00e7in t\u0131klay\u0131n\u0131z. 2017 Beyannamesine ula\u015fmak i\u00e7in t\u0131klay\u0131n\u0131z. 2016 Beyannamesine ula\u015fmak i\u00e7in t\u0131klay\u0131n\u0131z. 2015 Beyannamesine ula\u015fmak i\u00e7in t\u0131klay\u0131n\u0131z. 2014 Beyannamesine ula\u015fmak i\u00e7in t\u0131klay\u0131n\u0131z. 2013 Beyannamesine ula\u015fmak i\u00e7in t\u0131klay\u0131n\u0131z. 2012 Beyannamesine ula\u015fmak i\u00e7in t\u0131klay\u0131n\u0131z.<\/p>\n","protected":false},"author":2,"featured_media":0,"parent":0,"menu_order":0,"comment_status":"closed","ping_status":"closed","template":"","meta":{"ngg_post_thumbnail":0,"footnotes":""},"_links":{"self":[{"href":"http:\/\/www.tmed.org.tr\/v1\/index.php?rest_route=\/wp\/v2\/pages\/890"}],"collection":[{"href":"http:\/\/www.tmed.org.tr\/v1\/index.php?rest_route=\/wp\/v2\/pages"}],"about":[{"href":"http:\/\/www.tmed.org.tr\/v1\/index.php?rest_route=\/wp\/v2\/types\/page"}],"author":[{"embeddable":true,"href":"http:\/\/www.tmed.org.tr\/v1\/index.php?rest_route=\/wp\/v2\/users\/2"}],"replies":[{"embeddable":true,"href":"http:\/\/www.tmed.org.tr\/v1\/index.php?rest_route=%2Fwp%2Fv2%2Fcomments&post=890"}],"version-history":[{"count":8,"href":"http:\/\/www.tmed.org.tr\/v1\/index.php?rest_route=\/wp\/v2\/pages\/890\/revisions"}],"predecessor-version":[{"id":904,"href":"http:\/\/www.tmed.org.tr\/v1\/index.php?rest_route=\/wp\/v2\/pages\/890\/revisions\/904"}],"wp:attachment":[{"href":"http:\/\/www.tmed.org.tr\/v1\/index.php?rest_route=%2Fwp%2Fv2%2Fmedia&parent=890"}],"curies":[{"name":"wp","href":"https:\/\/api.w.org\/{rel}","templated":true}]}}