{"id":86,"date":"2012-12-04T13:48:11","date_gmt":"2012-12-04T13:48:11","guid":{"rendered":"http:\/\/cizgidunyam.com\/v1\/?page_id=86"},"modified":"2021-03-01T08:26:17","modified_gmt":"2021-03-01T08:26:17","slug":"yayinlar","status":"publish","type":"page","link":"http:\/\/www.tmed.org.tr\/v1\/?page_id=86","title":{"rendered":"YAYINLAR"},"content":{"rendered":"<p><strong>Turkish Journal of Mathematics Education (TUJME)<\/strong> uluslararas\u0131 hakemli bir dergidir ve TURKBILMAT E\u011fitim Hizmetleri taraf\u0131ndan y\u0131lda \u00fc\u00e7 say\u0131 (Nisan, A\u011fustos ve Aral\u0131k) yay\u0131mlan\u0131r. Dergi, matematik e\u011fitimi ile ilgili e\u011fitim ara\u015ft\u0131rmalar\u0131 yay\u0131mlamaktad\u0131r. Dergi, eylem ara\u015ft\u0131rmac\u0131s\u0131 matematik \u00f6\u011fretmenleri, \u00f6\u011fretmen e\u011fitimcileri, ara\u015ft\u0131rmac\u0131lar, matematik \u00f6\u011fretmeni adaylar\u0131 ve matematik e\u011fitimiyle ilgilenen ki\u015filere hitap etmektedir. Dergini sayfas\u0131na ula\u015fmak i\u00e7in <a href=\"http:\/\/tujme.org\/index.php\/tujme\" target=\"_blank\">http:\/\/tujme.org\/index.php\/tujme<\/a> adresine t\u0131klay\u0131n\u0131z.<\/p>\n","protected":false},"excerpt":{"rendered":"<p>Turkish Journal of Mathematics Education (TUJME) uluslararas\u0131 hakemli bir dergidir ve TURKBILMAT E\u011fitim Hizmetleri taraf\u0131ndan y\u0131lda \u00fc\u00e7 say\u0131 (Nisan, A\u011fustos ve Aral\u0131k) yay\u0131mlan\u0131r. Dergi, matematik e\u011fitimi ile ilgili e\u011fitim ara\u015ft\u0131rmalar\u0131 yay\u0131mlamaktad\u0131r. Dergi, eylem ara\u015ft\u0131rmac\u0131s\u0131 matematik \u00f6\u011fretmenleri, \u00f6\u011fretmen e\u011fitimcileri, ara\u015ft\u0131rmac\u0131lar, matematik \u00f6\u011fretmeni adaylar\u0131 ve matematik e\u011fitimiyle ilgilenen ki\u015filere hitap etmektedir. Dergini &#8230;<\/p>\n","protected":false},"author":1,"featured_media":0,"parent":0,"menu_order":0,"comment_status":"closed","ping_status":"closed","template":"","meta":{"ngg_post_thumbnail":0,"footnotes":""},"_links":{"self":[{"href":"http:\/\/www.tmed.org.tr\/v1\/index.php?rest_route=\/wp\/v2\/pages\/86"}],"collection":[{"href":"http:\/\/www.tmed.org.tr\/v1\/index.php?rest_route=\/wp\/v2\/pages"}],"about":[{"href":"http:\/\/www.tmed.org.tr\/v1\/index.php?rest_route=\/wp\/v2\/types\/page"}],"author":[{"embeddable":true,"href":"http:\/\/www.tmed.org.tr\/v1\/index.php?rest_route=\/wp\/v2\/users\/1"}],"replies":[{"embeddable":true,"href":"http:\/\/www.tmed.org.tr\/v1\/index.php?rest_route=%2Fwp%2Fv2%2Fcomments&post=86"}],"version-history":[{"count":4,"href":"http:\/\/www.tmed.org.tr\/v1\/index.php?rest_route=\/wp\/v2\/pages\/86\/revisions"}],"predecessor-version":[{"id":843,"href":"http:\/\/www.tmed.org.tr\/v1\/index.php?rest_route=\/wp\/v2\/pages\/86\/revisions\/843"}],"wp:attachment":[{"href":"http:\/\/www.tmed.org.tr\/v1\/index.php?rest_route=%2Fwp%2Fv2%2Fmedia&parent=86"}],"curies":[{"name":"wp","href":"https:\/\/api.w.org\/{rel}","templated":true}]}}