{"id":8,"date":"2012-12-03T17:05:16","date_gmt":"2012-12-03T17:05:16","guid":{"rendered":"http:\/\/cizgidunyam.com\/v1\/?page_id=8"},"modified":"2014-07-14T13:52:18","modified_gmt":"2014-07-14T13:52:18","slug":"hakkimizda","status":"publish","type":"page","link":"http:\/\/www.tmed.org.tr\/v1\/?page_id=8","title":{"rendered":"HAKKIMIZDA"},"content":{"rendered":"<p>HAKKIMIZDA SAYFA \u0130\u00c7ER\u0130\u011e\u0130<\/p>\n<p style=\"text-align: justify;\"><strong>Matematik E\u011fitimi Derne\u011fi<\/strong><\/p>\n<p style=\"text-align: justify;\">2012 y\u0131l\u0131nda kurulmu\u015f olan ve kamu yarar\u0131na \u00e7al\u0131\u015fan bir dernek olan Matematik E\u011fitimi Derne\u011fi matematik e\u011fitimi ile ilgili bilimsel \u00e7al\u0131\u015fmalar\u0131 desteklemek ve niteli\u011fini y\u00fckseltmek, toplumun matematik okuryazarl\u0131k oran\u0131n\u0131 y\u00fckseltmek, matematik \u00f6\u011fretmenli\u011fi mesle\u011fi ile ilgili toplumsal duyarl\u0131l\u0131\u011f\u0131 art\u0131rmak, bu konularda standartlar ve politikalar geli\u015ftirmek amac\u0131yla kurulmu\u015ftur. Ayr\u0131ca, Matematik E\u011fitimi Derne\u011fi uluslararas\u0131 d\u00fczeyde T\u00fcrkiye&#8217;yi matematik e\u011fitimi alan\u0131nda temsil etmeyi ama\u00e7lamaktad\u0131r.<\/p>\n<p style=\"text-align: justify;\"><strong>Genel Kurul<\/strong><strong><br \/>\n<\/strong>Matematik E\u011fitimi Derne\u011fi 1. Ola\u011fan Genel Kurul Toplant\u0131s\u0131 09.Mart 2013 Cumartesi g\u00fcn\u00fc saat 11.00\u2019da Gazi \u00dcniversitesi Gazi E\u011fitim Fak\u00fcltesi F-Blok Konferans salonu Teknikokullar\/Ankara adresinde 74 \u00fcyenin kat\u0131l\u0131m\u0131yla ger\u00e7ekle\u015ftirilmi\u015ftir.<\/p>\n<p>&nbsp;<\/p>\n<p>&nbsp;<\/p>\n<p>&nbsp;<\/p>\n<p>&nbsp;<\/p>\n<p>&nbsp;<\/p>\n<p>&nbsp;<\/p>\n","protected":false},"excerpt":{"rendered":"<p>HAKKIMIZDA SAYFA \u0130\u00c7ER\u0130\u011e\u0130 Matematik E\u011fitimi Derne\u011fi 2012 y\u0131l\u0131nda kurulmu\u015f olan ve kamu yarar\u0131na \u00e7al\u0131\u015fan bir dernek olan Matematik E\u011fitimi Derne\u011fi matematik e\u011fitimi ile ilgili bilimsel \u00e7al\u0131\u015fmalar\u0131 desteklemek ve niteli\u011fini y\u00fckseltmek, toplumun matematik okuryazarl\u0131k oran\u0131n\u0131 y\u00fckseltmek, matematik \u00f6\u011fretmenli\u011fi mesle\u011fi ile ilgili toplumsal duyarl\u0131l\u0131\u011f\u0131 art\u0131rmak, bu konularda standartlar ve politikalar geli\u015ftirmek amac\u0131yla &#8230;<\/p>\n","protected":false},"author":1,"featured_media":0,"parent":0,"menu_order":0,"comment_status":"closed","ping_status":"open","template":"","meta":{"ngg_post_thumbnail":0,"footnotes":""},"_links":{"self":[{"href":"http:\/\/www.tmed.org.tr\/v1\/index.php?rest_route=\/wp\/v2\/pages\/8"}],"collection":[{"href":"http:\/\/www.tmed.org.tr\/v1\/index.php?rest_route=\/wp\/v2\/pages"}],"about":[{"href":"http:\/\/www.tmed.org.tr\/v1\/index.php?rest_route=\/wp\/v2\/types\/page"}],"author":[{"embeddable":true,"href":"http:\/\/www.tmed.org.tr\/v1\/index.php?rest_route=\/wp\/v2\/users\/1"}],"replies":[{"embeddable":true,"href":"http:\/\/www.tmed.org.tr\/v1\/index.php?rest_route=%2Fwp%2Fv2%2Fcomments&post=8"}],"version-history":[{"count":6,"href":"http:\/\/www.tmed.org.tr\/v1\/index.php?rest_route=\/wp\/v2\/pages\/8\/revisions"}],"predecessor-version":[{"id":405,"href":"http:\/\/www.tmed.org.tr\/v1\/index.php?rest_route=\/wp\/v2\/pages\/8\/revisions\/405"}],"wp:attachment":[{"href":"http:\/\/www.tmed.org.tr\/v1\/index.php?rest_route=%2Fwp%2Fv2%2Fmedia&parent=8"}],"curies":[{"name":"wp","href":"https:\/\/api.w.org\/{rel}","templated":true}]}}