{"id":79,"date":"2012-12-03T22:14:30","date_gmt":"2012-12-03T22:14:30","guid":{"rendered":"http:\/\/cizgidunyam.com\/v1\/?page_id=79"},"modified":"2015-11-14T18:45:32","modified_gmt":"2015-11-14T18:45:32","slug":"etkinlik-takvimi","status":"publish","type":"page","link":"http:\/\/www.tmed.org.tr\/v1\/?page_id=79","title":{"rendered":"Etkinlik Takvimi"},"content":{"rendered":"<h3 style=\"text-align: center;\"><\/h3>\n<table width=\"720\" border=\"0\" cellspacing=\"1\" cellpadding=\"1\" bgcolor=\"#CCCCCC\">\n<tbody>\n<tr>\n<td align=\"center\" bgcolor=\"#737373\" width=\"618\">Etkinlik<\/td>\n<td align=\"center\" bgcolor=\"#737373\" width=\"95\">Tarih<\/td>\n<\/tr>\n<tr>\n<td bgcolor=\"#CCCCCC\"><a href=\"http:\/\/www.tmed.org.tr\/v1\/?page_id=489\">Matematik \u00d6\u011fretiminde \u00d6rnek Uygulamalar Konferans\u0131\u00a0&#8211; I<\/a><\/td>\n<td style=\"text-align: center;\" align=\"left\" bgcolor=\"#CCCCCC\" width=\"95\">30-31 Ocak 2016, Ankara<\/td>\n<\/tr>\n<tr>\n<td nowrap=\"nowrap\" bgcolor=\"#FFFFFF\"><a href=\"http:\/\/www.tmed.org.tr\/v1\/?page_id=564\" target=\"_blank\">25. Ulusal E\u011fitim Bilimleri Kongresi<\/a><\/td>\n<td style=\"text-align: center;\" align=\"left\" bgcolor=\"#FFFFFF\" width=\"95\">21-24 Nisan 2016, Antalya<\/td>\n<\/tr>\n<tr>\n<td bgcolor=\"#CCCCCC\"><\/td>\n<td align=\"left\" bgcolor=\"#CCCCCC\" width=\"95\"><\/td>\n<\/tr>\n<\/tbody>\n<\/table>\n<p>&nbsp;<\/p>\n","protected":false},"excerpt":{"rendered":"<p>Etkinlik Tarih Matematik \u00d6\u011fretiminde \u00d6rnek Uygulamalar Konferans\u0131\u00a0&#8211; I 30-31 Ocak 2016, Ankara 25. Ulusal E\u011fitim Bilimleri Kongresi 21-24 Nisan 2016, Antalya &nbsp;<\/p>\n","protected":false},"author":1,"featured_media":0,"parent":0,"menu_order":0,"comment_status":"closed","ping_status":"open","template":"","meta":{"ngg_post_thumbnail":0,"footnotes":""},"_links":{"self":[{"href":"http:\/\/www.tmed.org.tr\/v1\/index.php?rest_route=\/wp\/v2\/pages\/79"}],"collection":[{"href":"http:\/\/www.tmed.org.tr\/v1\/index.php?rest_route=\/wp\/v2\/pages"}],"about":[{"href":"http:\/\/www.tmed.org.tr\/v1\/index.php?rest_route=\/wp\/v2\/types\/page"}],"author":[{"embeddable":true,"href":"http:\/\/www.tmed.org.tr\/v1\/index.php?rest_route=\/wp\/v2\/users\/1"}],"replies":[{"embeddable":true,"href":"http:\/\/www.tmed.org.tr\/v1\/index.php?rest_route=%2Fwp%2Fv2%2Fcomments&post=79"}],"version-history":[{"count":4,"href":"http:\/\/www.tmed.org.tr\/v1\/index.php?rest_route=\/wp\/v2\/pages\/79\/revisions"}],"predecessor-version":[{"id":573,"href":"http:\/\/www.tmed.org.tr\/v1\/index.php?rest_route=\/wp\/v2\/pages\/79\/revisions\/573"}],"wp:attachment":[{"href":"http:\/\/www.tmed.org.tr\/v1\/index.php?rest_route=%2Fwp%2Fv2%2Fmedia&parent=79"}],"curies":[{"name":"wp","href":"https:\/\/api.w.org\/{rel}","templated":true}]}}