{"id":701,"date":"2016-08-14T17:49:47","date_gmt":"2016-08-14T17:49:47","guid":{"rendered":"http:\/\/www.tmed.org.tr\/v1\/?page_id=701"},"modified":"2016-12-31T23:02:01","modified_gmt":"2016-12-31T23:02:01","slug":"701-2","status":"publish","type":"page","link":"http:\/\/www.tmed.org.tr\/v1\/?page_id=701","title":{"rendered":"Dernek Ba\u015fkan\u0131m\u0131z G\u00fcndem \u00d6zel Program\u0131na Konuk Oldu"},"content":{"rendered":"<p style=\"text-align: justify;\">Matematik E\u011fitimi Derne\u011fi ba\u015fkan\u0131m\u0131z Prof. Dr. Adnan BAK\u0130, 12 A\u011fustos 2016 tarihinde KON TV&#8217;de yay\u0131nlanan G\u00fcndem \u00d6zel program\u0131na konuk oldu. G\u00fcndem \u00d6zel&#8217;de, Y\u00d6K&#8217;\u00fcn programlar\u0131 birle\u015ftirme karar\u0131 ile ilk\u00f6\u011fretim ve orta\u00f6\u011fretim matematik \u00f6\u011fretmenli\u011fi programlar\u0131n\u0131n tek bir b\u00f6l\u00fcm \u00e7at\u0131s\u0131 alt\u0131nda toplanmas\u0131,\u00a0m\u00fcfredat de\u011fi\u015fiminin e\u011fitime yans\u0131malar\u0131 ve geometri ile matematik derslerinin birle\u015ftirilmesi gibi matematik e\u011fitimi ile ilgili pek \u00e7ok konu ele al\u0131nd\u0131.<\/p>\n<p style=\"text-align: justify;\">Program\u0131n tamam\u0131n\u0131 a\u015fa\u011f\u0131daki videodan izleyebilirsiniz.<\/p>\n<p><iframe loading=\"lazy\" width=\"560\" height=\"315\" src=\"https:\/\/www.youtube.com\/embed\/EhhnQJh9ePk\" frameborder=\"0\" allowfullscreen><\/iframe><\/p>\n","protected":false},"excerpt":{"rendered":"<p>Matematik E\u011fitimi Derne\u011fi ba\u015fkan\u0131m\u0131z Prof. Dr. Adnan BAK\u0130, 12 A\u011fustos 2016 tarihinde KON TV&#8217;de yay\u0131nlanan G\u00fcndem \u00d6zel program\u0131na konuk oldu. G\u00fcndem \u00d6zel&#8217;de, Y\u00d6K&#8217;\u00fcn programlar\u0131 birle\u015ftirme karar\u0131 ile ilk\u00f6\u011fretim ve orta\u00f6\u011fretim matematik \u00f6\u011fretmenli\u011fi programlar\u0131n\u0131n tek bir b\u00f6l\u00fcm \u00e7at\u0131s\u0131 alt\u0131nda toplanmas\u0131,\u00a0m\u00fcfredat de\u011fi\u015fiminin e\u011fitime yans\u0131malar\u0131 ve geometri ile matematik derslerinin birle\u015ftirilmesi gibi matematik &#8230;<\/p>\n","protected":false},"author":2,"featured_media":0,"parent":0,"menu_order":0,"comment_status":"closed","ping_status":"closed","template":"","meta":{"ngg_post_thumbnail":0,"footnotes":""},"_links":{"self":[{"href":"http:\/\/www.tmed.org.tr\/v1\/index.php?rest_route=\/wp\/v2\/pages\/701"}],"collection":[{"href":"http:\/\/www.tmed.org.tr\/v1\/index.php?rest_route=\/wp\/v2\/pages"}],"about":[{"href":"http:\/\/www.tmed.org.tr\/v1\/index.php?rest_route=\/wp\/v2\/types\/page"}],"author":[{"embeddable":true,"href":"http:\/\/www.tmed.org.tr\/v1\/index.php?rest_route=\/wp\/v2\/users\/2"}],"replies":[{"embeddable":true,"href":"http:\/\/www.tmed.org.tr\/v1\/index.php?rest_route=%2Fwp%2Fv2%2Fcomments&post=701"}],"version-history":[{"count":23,"href":"http:\/\/www.tmed.org.tr\/v1\/index.php?rest_route=\/wp\/v2\/pages\/701\/revisions"}],"predecessor-version":[{"id":736,"href":"http:\/\/www.tmed.org.tr\/v1\/index.php?rest_route=\/wp\/v2\/pages\/701\/revisions\/736"}],"wp:attachment":[{"href":"http:\/\/www.tmed.org.tr\/v1\/index.php?rest_route=%2Fwp%2Fv2%2Fmedia&parent=701"}],"curies":[{"name":"wp","href":"https:\/\/api.w.org\/{rel}","templated":true}]}}