{"id":64,"date":"2012-12-03T22:09:36","date_gmt":"2012-12-03T22:09:36","guid":{"rendered":"http:\/\/cizgidunyam.com\/v1\/?page_id=64"},"modified":"2023-07-21T03:45:18","modified_gmt":"2023-07-21T03:45:18","slug":"duyurular","status":"publish","type":"page","link":"http:\/\/www.tmed.org.tr\/v1\/?page_id=64","title":{"rendered":"DUYURULAR"},"content":{"rendered":"<p><strong>Genel Kurul \u0130lan\u0131 &#8211; 2023\u00a0<\/strong>ula\u015fmak i\u00e7in\u00a0<a href=\"http:\/\/www.tmed.org.tr\/v1\/\">t\u0131klay\u0131n\u0131z<\/a>.<\/p>\n<p><strong>Genel Kurul \u0130lan\u0131 &#8211; 2021 <\/strong>ula\u015fmak i\u00e7in <a href=\"http:\/\/www.tmed.org.tr\/v1\/\">t\u0131klay\u0131n\u0131z<\/a>.<\/p>\n<p><strong>T\u00fcrk Bilgisayar ve Matematik E\u011fitimi Sempozyumu &#8211; 5<\/strong> i\u00e7in <a href=\"http:\/\/www.bilmat.org\/turkbilmat2021\/\">t\u0131klay\u0131n\u0131z<\/a>.<\/p>\n<p><strong>Beyanname<\/strong>lere ula\u015fmak i\u00e7in <a href=\"http:\/\/www.tmed.org.tr\/v1\/?page_id=890\">t\u0131klay\u0131n\u0131z<\/a>.<\/p>\n","protected":false},"excerpt":{"rendered":"<p>Genel Kurul \u0130lan\u0131 &#8211; 2023\u00a0ula\u015fmak i\u00e7in\u00a0t\u0131klay\u0131n\u0131z. Genel Kurul \u0130lan\u0131 &#8211; 2021 ula\u015fmak i\u00e7in t\u0131klay\u0131n\u0131z. T\u00fcrk Bilgisayar ve Matematik E\u011fitimi Sempozyumu &#8211; 5 i\u00e7in t\u0131klay\u0131n\u0131z. Beyannamelere ula\u015fmak i\u00e7in t\u0131klay\u0131n\u0131z.<\/p>\n","protected":false},"author":1,"featured_media":0,"parent":0,"menu_order":0,"comment_status":"closed","ping_status":"open","template":"","meta":{"ngg_post_thumbnail":0,"footnotes":""},"_links":{"self":[{"href":"http:\/\/www.tmed.org.tr\/v1\/index.php?rest_route=\/wp\/v2\/pages\/64"}],"collection":[{"href":"http:\/\/www.tmed.org.tr\/v1\/index.php?rest_route=\/wp\/v2\/pages"}],"about":[{"href":"http:\/\/www.tmed.org.tr\/v1\/index.php?rest_route=\/wp\/v2\/types\/page"}],"author":[{"embeddable":true,"href":"http:\/\/www.tmed.org.tr\/v1\/index.php?rest_route=\/wp\/v2\/users\/1"}],"replies":[{"embeddable":true,"href":"http:\/\/www.tmed.org.tr\/v1\/index.php?rest_route=%2Fwp%2Fv2%2Fcomments&post=64"}],"version-history":[{"count":33,"href":"http:\/\/www.tmed.org.tr\/v1\/index.php?rest_route=\/wp\/v2\/pages\/64\/revisions"}],"predecessor-version":[{"id":995,"href":"http:\/\/www.tmed.org.tr\/v1\/index.php?rest_route=\/wp\/v2\/pages\/64\/revisions\/995"}],"wp:attachment":[{"href":"http:\/\/www.tmed.org.tr\/v1\/index.php?rest_route=%2Fwp%2Fv2%2Fmedia&parent=64"}],"curies":[{"name":"wp","href":"https:\/\/api.w.org\/{rel}","templated":true}]}}