{"id":627,"date":"2016-02-01T11:57:00","date_gmt":"2016-02-01T11:57:00","guid":{"rendered":"http:\/\/www.tmed.org.tr\/v1\/?page_id=627"},"modified":"2016-03-19T15:41:37","modified_gmt":"2016-03-19T15:41:37","slug":"matematik-ogretiminde-ornek-uygulamalar-konferansi-i","status":"publish","type":"page","link":"http:\/\/www.tmed.org.tr\/v1\/?page_id=627","title":{"rendered":"Matematik \u00d6\u011fretiminde \u00d6rnek Uygulamalar Konferans\u0131 &#8211; I"},"content":{"rendered":"<p>Matematik \u00d6\u011fretiminde \u00d6rnek Uygulamalar Konferans\u0131 &#8211; I&#8217;den d\u00fczenlenen slayt g\u00f6sterisi ve resimler i\u00e7in <a href=\"https:\/\/drive.google.com\/folderview?id=0B2smWxDHfN1pYlFDNmVRNzI1RnM&amp;usp=sharing\" target=\"_blank\"><span style=\"text-decoration: underline;\"><span style=\"color: #ff0000; text-decoration: underline;\">t\u0131klay\u0131n\u0131z.<\/span><\/span><\/a><\/p>\n<p><a href=\"https:\/\/drive.google.com\/folderview?id=0B2smWxDHfN1pYlFDNmVRNzI1RnM&amp;usp=sharing\" target=\"_blank\">\u00a0<\/a><\/p>\n","protected":false},"excerpt":{"rendered":"<p>Matematik \u00d6\u011fretiminde \u00d6rnek Uygulamalar Konferans\u0131 &#8211; I&#8217;den d\u00fczenlenen slayt g\u00f6sterisi ve resimler i\u00e7in t\u0131klay\u0131n\u0131z. \u00a0<\/p>\n","protected":false},"author":2,"featured_media":0,"parent":0,"menu_order":0,"comment_status":"closed","ping_status":"closed","template":"","meta":{"ngg_post_thumbnail":0,"footnotes":""},"_links":{"self":[{"href":"http:\/\/www.tmed.org.tr\/v1\/index.php?rest_route=\/wp\/v2\/pages\/627"}],"collection":[{"href":"http:\/\/www.tmed.org.tr\/v1\/index.php?rest_route=\/wp\/v2\/pages"}],"about":[{"href":"http:\/\/www.tmed.org.tr\/v1\/index.php?rest_route=\/wp\/v2\/types\/page"}],"author":[{"embeddable":true,"href":"http:\/\/www.tmed.org.tr\/v1\/index.php?rest_route=\/wp\/v2\/users\/2"}],"replies":[{"embeddable":true,"href":"http:\/\/www.tmed.org.tr\/v1\/index.php?rest_route=%2Fwp%2Fv2%2Fcomments&post=627"}],"version-history":[{"count":12,"href":"http:\/\/www.tmed.org.tr\/v1\/index.php?rest_route=\/wp\/v2\/pages\/627\/revisions"}],"predecessor-version":[{"id":671,"href":"http:\/\/www.tmed.org.tr\/v1\/index.php?rest_route=\/wp\/v2\/pages\/627\/revisions\/671"}],"wp:attachment":[{"href":"http:\/\/www.tmed.org.tr\/v1\/index.php?rest_route=%2Fwp%2Fv2%2Fmedia&parent=627"}],"curies":[{"name":"wp","href":"https:\/\/api.w.org\/{rel}","templated":true}]}}