{"id":58,"date":"2012-12-03T22:07:00","date_gmt":"2012-12-03T22:07:00","guid":{"rendered":"http:\/\/cizgidunyam.com\/v1\/?page_id=58"},"modified":"2023-11-15T16:54:48","modified_gmt":"2023-11-15T16:54:48","slug":"denetleme-kurulu","status":"publish","type":"page","link":"http:\/\/www.tmed.org.tr\/v1\/?page_id=58","title":{"rendered":"Denetleme Kurulu"},"content":{"rendered":"<table border=\"1\" cellspacing=\"0\" cellpadding=\"0\">\n<tbody>\n<tr>\n<td valign=\"top\" width=\"404\" height=\"10\"><strong>Denetleme Kurulu<\/strong><\/td>\n<\/tr>\n<tr>\n<td valign=\"top\" width=\"404\" height=\"10\">Emre EV \u00c7\u0130MEN (\u00dcye)<\/td>\n<\/tr>\n<tr>\n<td valign=\"top\" width=\"404\" height=\"10\">Aysun Nuket EL\u00c7\u0130 (\u00dcye)<\/td>\n<\/tr>\n<tr>\n<td valign=\"top\" width=\"404\" height=\"10\">Kemal \u00d6ZGEN (\u00dcye)<\/td>\n<\/tr>\n<\/tbody>\n<\/table>\n","protected":false},"excerpt":{"rendered":"<p>Denetleme Kurulu Emre EV \u00c7\u0130MEN (\u00dcye) Aysun Nuket EL\u00c7\u0130 (\u00dcye) Kemal \u00d6ZGEN (\u00dcye)<\/p>\n","protected":false},"author":1,"featured_media":0,"parent":0,"menu_order":0,"comment_status":"closed","ping_status":"open","template":"","meta":{"ngg_post_thumbnail":0,"footnotes":""},"_links":{"self":[{"href":"http:\/\/www.tmed.org.tr\/v1\/index.php?rest_route=\/wp\/v2\/pages\/58"}],"collection":[{"href":"http:\/\/www.tmed.org.tr\/v1\/index.php?rest_route=\/wp\/v2\/pages"}],"about":[{"href":"http:\/\/www.tmed.org.tr\/v1\/index.php?rest_route=\/wp\/v2\/types\/page"}],"author":[{"embeddable":true,"href":"http:\/\/www.tmed.org.tr\/v1\/index.php?rest_route=\/wp\/v2\/users\/1"}],"replies":[{"embeddable":true,"href":"http:\/\/www.tmed.org.tr\/v1\/index.php?rest_route=%2Fwp%2Fv2%2Fcomments&post=58"}],"version-history":[{"count":10,"href":"http:\/\/www.tmed.org.tr\/v1\/index.php?rest_route=\/wp\/v2\/pages\/58\/revisions"}],"predecessor-version":[{"id":738,"href":"http:\/\/www.tmed.org.tr\/v1\/index.php?rest_route=\/wp\/v2\/pages\/58\/revisions\/738"}],"wp:attachment":[{"href":"http:\/\/www.tmed.org.tr\/v1\/index.php?rest_route=%2Fwp%2Fv2%2Fmedia&parent=58"}],"curies":[{"name":"wp","href":"https:\/\/api.w.org\/{rel}","templated":true}]}}