{"id":46,"date":"2012-12-03T22:05:40","date_gmt":"2012-12-03T22:05:40","guid":{"rendered":"http:\/\/cizgidunyam.com\/v1\/?page_id=46"},"modified":"2023-11-15T16:51:26","modified_gmt":"2023-11-15T16:51:26","slug":"yonetim-kurulu","status":"publish","type":"page","link":"http:\/\/www.tmed.org.tr\/v1\/?page_id=46","title":{"rendered":"Y\u00f6netim Kurulu"},"content":{"rendered":"<table border=\"1\" cellspacing=\"0\" cellpadding=\"0\">\n<tbody>\n<tr>\n<td valign=\"top\" width=\"404\" height=\"10\"><strong>Y\u00f6netim Kurulu<\/strong><\/td>\n<\/tr>\n<tr>\n<td valign=\"top\" width=\"404\" height=\"10\">Prof. Dr. B\u00fclent G\u00dcVEN\u00a0(Ba\u015fkan)<\/td>\n<\/tr>\n<tr>\n<td valign=\"top\" width=\"404\" height=\"10\">Prof. Dr. Selahattin ARSLAN\u00a0(Ba\u015fkan Yard\u0131mc\u0131s\u0131)<\/td>\n<\/tr>\n<tr>\n<td valign=\"top\" width=\"404\" height=\"10\">\u00d6\u011fr. G\u00f6r. Dr. Kadir G\u00dcRSOY (Genel Sekreter)<\/td>\n<\/tr>\n<tr>\n<td valign=\"top\" width=\"404\" height=\"10\">\u00d6\u011fr. G\u00f6r. Ayhan AKSOY (Sayman)<\/td>\n<\/tr>\n<tr>\n<td valign=\"top\" width=\"404\" height=\"10\">\u00a0Prof. Dr. Derya \u00c7EL\u0130K (\u00dcye)<\/td>\n<\/tr>\n<tr>\n<td valign=\"top\" width=\"404\" height=\"10\">Dr. \u00d6\u011fr. \u00dcyesi \u0130brahim \u00c7ET\u0130N\u00a0 (\u00dcye)<\/td>\n<\/tr>\n<tr>\n<td valign=\"top\" width=\"404\" height=\"10\">Dr. \u00d6\u011fr. \u00dcyesi Zeynep \u00c7AVU\u015e ERDEM (\u00dcye)<\/td>\n<\/tr>\n<\/tbody>\n<\/table>\n","protected":false},"excerpt":{"rendered":"<p>Y\u00f6netim Kurulu Prof. Dr. B\u00fclent G\u00dcVEN\u00a0(Ba\u015fkan) Prof. Dr. Selahattin ARSLAN\u00a0(Ba\u015fkan Yard\u0131mc\u0131s\u0131) \u00d6\u011fr. G\u00f6r. Dr. Kadir G\u00dcRSOY (Genel Sekreter) \u00d6\u011fr. G\u00f6r. Ayhan AKSOY (Sayman) \u00a0Prof. Dr. Derya \u00c7EL\u0130K (\u00dcye) Dr. \u00d6\u011fr. \u00dcyesi \u0130brahim \u00c7ET\u0130N\u00a0 (\u00dcye) Dr. \u00d6\u011fr. \u00dcyesi Zeynep \u00c7AVU\u015e ERDEM (\u00dcye)<\/p>\n","protected":false},"author":1,"featured_media":0,"parent":0,"menu_order":0,"comment_status":"closed","ping_status":"closed","template":"","meta":{"ngg_post_thumbnail":0,"footnotes":""},"_links":{"self":[{"href":"http:\/\/www.tmed.org.tr\/v1\/index.php?rest_route=\/wp\/v2\/pages\/46"}],"collection":[{"href":"http:\/\/www.tmed.org.tr\/v1\/index.php?rest_route=\/wp\/v2\/pages"}],"about":[{"href":"http:\/\/www.tmed.org.tr\/v1\/index.php?rest_route=\/wp\/v2\/types\/page"}],"author":[{"embeddable":true,"href":"http:\/\/www.tmed.org.tr\/v1\/index.php?rest_route=\/wp\/v2\/users\/1"}],"replies":[{"embeddable":true,"href":"http:\/\/www.tmed.org.tr\/v1\/index.php?rest_route=%2Fwp%2Fv2%2Fcomments&post=46"}],"version-history":[{"count":16,"href":"http:\/\/www.tmed.org.tr\/v1\/index.php?rest_route=\/wp\/v2\/pages\/46\/revisions"}],"predecessor-version":[{"id":130,"href":"http:\/\/www.tmed.org.tr\/v1\/index.php?rest_route=\/wp\/v2\/pages\/46\/revisions\/130"}],"wp:attachment":[{"href":"http:\/\/www.tmed.org.tr\/v1\/index.php?rest_route=%2Fwp%2Fv2%2Fmedia&parent=46"}],"curies":[{"name":"wp","href":"https:\/\/api.w.org\/{rel}","templated":true}]}}