{"id":265,"date":"2014-02-18T16:08:08","date_gmt":"2014-02-18T16:08:08","guid":{"rendered":"http:\/\/www.tmed.org.tr\/v1\/?page_id=265"},"modified":"2014-02-18T16:10:39","modified_gmt":"2014-02-18T16:10:39","slug":"basin-aciklamasi","status":"publish","type":"page","link":"http:\/\/www.tmed.org.tr\/v1\/?page_id=265","title":{"rendered":"Bas\u0131n A\u00e7\u0131klamas\u0131"},"content":{"rendered":"<p>Derne\u011fimizin 12.06.2013 tarihli bas\u0131n a\u00e7\u0131klamas\u0131 i\u00e7in<strong><span style=\"text-decoration: underline;\"><span style=\"color: #ff0000; text-decoration: underline;\"><a href=\"http:\/\/www.tmed.org.tr\/v1\/wp-content\/uploads\/MEDin-BASIN-DUYURUSU2.pdf\" target=\"_blank\"><span style=\"color: #ff0000; text-decoration: underline;\">t\u0131klay\u0131n\u0131z.<\/span><\/a><\/span><\/span><\/strong><\/p>\n","protected":false},"excerpt":{"rendered":"<p>Derne\u011fimizin 12.06.2013 tarihli bas\u0131n a\u00e7\u0131klamas\u0131 i\u00e7int\u0131klay\u0131n\u0131z.<\/p>\n","protected":false},"author":2,"featured_media":0,"parent":0,"menu_order":0,"comment_status":"closed","ping_status":"closed","template":"","meta":{"ngg_post_thumbnail":0,"footnotes":""},"_links":{"self":[{"href":"http:\/\/www.tmed.org.tr\/v1\/index.php?rest_route=\/wp\/v2\/pages\/265"}],"collection":[{"href":"http:\/\/www.tmed.org.tr\/v1\/index.php?rest_route=\/wp\/v2\/pages"}],"about":[{"href":"http:\/\/www.tmed.org.tr\/v1\/index.php?rest_route=\/wp\/v2\/types\/page"}],"author":[{"embeddable":true,"href":"http:\/\/www.tmed.org.tr\/v1\/index.php?rest_route=\/wp\/v2\/users\/2"}],"replies":[{"embeddable":true,"href":"http:\/\/www.tmed.org.tr\/v1\/index.php?rest_route=%2Fwp%2Fv2%2Fcomments&post=265"}],"version-history":[{"count":4,"href":"http:\/\/www.tmed.org.tr\/v1\/index.php?rest_route=\/wp\/v2\/pages\/265\/revisions"}],"predecessor-version":[{"id":271,"href":"http:\/\/www.tmed.org.tr\/v1\/index.php?rest_route=\/wp\/v2\/pages\/265\/revisions\/271"}],"wp:attachment":[{"href":"http:\/\/www.tmed.org.tr\/v1\/index.php?rest_route=%2Fwp%2Fv2%2Fmedia&parent=265"}],"curies":[{"name":"wp","href":"https:\/\/api.w.org\/{rel}","templated":true}]}}