{"id":185,"date":"2014-01-02T01:08:29","date_gmt":"2014-01-02T01:08:29","guid":{"rendered":"http:\/\/www.tmed.org.tr\/v1\/?page_id=185"},"modified":"2026-03-30T20:44:32","modified_gmt":"2026-03-30T20:44:32","slug":"basvuru-formu","status":"publish","type":"page","link":"http:\/\/www.tmed.org.tr\/v1\/?page_id=185","title":{"rendered":"\u00dcyelik"},"content":{"rendered":"\n<p>Matematik E\u011fitimi Derne\u011fi&#8217;ne \u00fcye olabilmek i\u00e7in a\u015fa\u011f\u0131da belirtilen hesaba 120TL \u00fcyelik \u00fccreti yat\u0131rman\u0131z ve dekont ile dolduraca\u011f\u0131n\u0131z ba\u015fvuru formunu a\u015fa\u011f\u0131da belirtilen adrese g\u00f6ndermeniz gerekmektedir. Ayr\u0131ca ba\u015fvuru formu, dekont ve kimli\u011finizi tarayarak mategitder@gmail.com adresine g\u00f6nderiniz.<\/p>\n\n\n\n<p><\/p>\n\n\n\n<p>Ad\u0131 SOYADI \/ \u00dcNVANI: Matematik E\u011fit. Derne\u011fi<br>HESAP NO: TR78 0001 2001 2940 0016 1000 45 (Halk Bankas\u0131)<\/p>\n\n\n\n<p><\/p>\n\n\n\n<p>Ba\u015fvuru Belgesi ve Dekontun G\u00f6nderilece\u011fi Adres:<\/p>\n\n\n\n<p>Prof. Dr. Derya \u00c7EL\u0130K<br>Matematik E\u011fitimi Derne\u011fi Ba\u015fkan\u0131<br>Fidanl\u0131k Mah. Mithatpa\u015fa Cad. Mithatpa\u015fa Apt. No:39\/14<br>\u00c7ankaya\/ANKARA<\/p>\n\n\n\n<p>Ba\u015fvuru Formlar\u0131<\/p>\n\n\n\n<p><a href=\"http:\/\/www.tmed.org.tr\/v1\/wp-content\/uploads\/med_form.docx\">.docx<\/a>        <a href=\"http:\/\/www.tmed.org.tr\/v1\/wp-content\/uploads\/med_form.pdf\" data-type=\"link\" data-id=\"http:\/\/www.tmed.org.tr\/v1\/wp-content\/uploads\/med_form.pdf\">.pdf<\/a><\/p>\n\n\n\n<p>Not: Ba\u015fvuru formunu indiremiyorsan\u0131z farkl\u0131 bir taray\u0131c\u0131 ile tekrar deneyiniz.<\/p>\n","protected":false},"excerpt":{"rendered":"<p>Matematik E\u011fitimi Derne\u011fi&#8217;ne \u00fcye olabilmek i\u00e7in a\u015fa\u011f\u0131da belirtilen hesaba 120TL \u00fcyelik \u00fccreti yat\u0131rman\u0131z ve dekont ile dolduraca\u011f\u0131n\u0131z ba\u015fvuru formunu a\u015fa\u011f\u0131da belirtilen adrese g\u00f6ndermeniz gerekmektedir. Ayr\u0131ca ba\u015fvuru formu, dekont ve kimli\u011finizi tarayarak mategitder@gmail.com adresine g\u00f6nderiniz. Ad\u0131 SOYADI \/ \u00dcNVANI: Matematik E\u011fit. Derne\u011fiHESAP NO: TR78 0001 2001 2940 0016 1000 45 (Halk &#8230;<\/p>\n","protected":false},"author":1,"featured_media":0,"parent":0,"menu_order":0,"comment_status":"closed","ping_status":"open","template":"","meta":{"ngg_post_thumbnail":0,"footnotes":""},"_links":{"self":[{"href":"http:\/\/www.tmed.org.tr\/v1\/index.php?rest_route=\/wp\/v2\/pages\/185"}],"collection":[{"href":"http:\/\/www.tmed.org.tr\/v1\/index.php?rest_route=\/wp\/v2\/pages"}],"about":[{"href":"http:\/\/www.tmed.org.tr\/v1\/index.php?rest_route=\/wp\/v2\/types\/page"}],"author":[{"embeddable":true,"href":"http:\/\/www.tmed.org.tr\/v1\/index.php?rest_route=\/wp\/v2\/users\/1"}],"replies":[{"embeddable":true,"href":"http:\/\/www.tmed.org.tr\/v1\/index.php?rest_route=%2Fwp%2Fv2%2Fcomments&post=185"}],"version-history":[{"count":36,"href":"http:\/\/www.tmed.org.tr\/v1\/index.php?rest_route=\/wp\/v2\/pages\/185\/revisions"}],"predecessor-version":[{"id":1769,"href":"http:\/\/www.tmed.org.tr\/v1\/index.php?rest_route=\/wp\/v2\/pages\/185\/revisions\/1769"}],"wp:attachment":[{"href":"http:\/\/www.tmed.org.tr\/v1\/index.php?rest_route=%2Fwp%2Fv2%2Fmedia&parent=185"}],"curies":[{"name":"wp","href":"https:\/\/api.w.org\/{rel}","templated":true}]}}